{"id":1054,"date":"2025-09-25T19:15:47","date_gmt":"2025-09-25T19:15:47","guid":{"rendered":"https:\/\/eulucloud.com\/?page_id=1054"},"modified":"2026-01-18T14:13:18","modified_gmt":"2026-01-18T14:13:18","slug":"dominios","status":"publish","type":"page","link":"https:\/\/eulucloud.com\/index.php\/dominios\/","title":{"rendered":"Dom\u00ednios"},"content":{"rendered":"\t\t<div data-elementor-type=\"wp-page\" data-elementor-id=\"1054\" class=\"elementor elementor-1054\">\n\t\t\t\t<div class=\"elementor-element elementor-element-dd3be97 e-con-full e-flex e-con e-parent\" data-id=\"dd3be97\" data-element_type=\"container\" data-e-type=\"container\" data-settings=\"{&quot;background_background&quot;:&quot;classic&quot;}\">\n\t\t<div class=\"elementor-element elementor-element-5330b2e e-con-full e-flex e-con e-child\" data-id=\"5330b2e\" data-element_type=\"container\" data-e-type=\"container\" data-settings=\"{&quot;background_background&quot;:&quot;classic&quot;}\">\n\t\t<div class=\"elementor-element elementor-element-f60982f e-flex e-con-boxed e-con e-child\" data-id=\"f60982f\" data-element_type=\"container\" data-e-type=\"container\">\n\t\t\t\t\t<div class=\"e-con-inner\">\n\t\t\t\t<div class=\"elementor-element elementor-element-f55300a elementor-widget elementor-widget-hub_fancy_heading lqd-el-has-inner-anim\" data-id=\"f55300a\" data-element_type=\"widget\" data-e-type=\"widget\" data-settings=\"{&quot;enable_split&quot;:&quot;true&quot;,&quot;split_type&quot;:&quot;words&quot;}\" data-widget_type=\"hub_fancy_heading.default\">\n\t\t\t\t<div class=\"elementor-widget-container\">\n\t\t\t\t\t\n\t\t<div id=\"ld-fancy-heading-69e3599296936\" class=\"ld-fancy-heading pos-rel mask-text\">\n\t\t\t<h1 class=\"ld-fh-element d-inline-block pos-rel  elementor-heading-title lqd-highlight-classic lqd-highlight-grow-bottom lqd-highlight-reset-onhover lqd-split-words h1\"  data-split-text=\"true\" data-split-options='{\"type\":\"words\"}'> Registro de Dom\u00ednios<\/h1>\t\t<\/div>\n\n\t\t\t\t\t\t<\/div>\n\t\t\t\t<\/div>\n\t\t\t\t<div class=\"elementor-element elementor-element-c0be2f8 elementor-widget__width-initial elementor-widget elementor-widget-heading\" data-id=\"c0be2f8\" data-element_type=\"widget\" data-e-type=\"widget\" data-widget_type=\"heading.default\">\n\t\t\t\t\t<h2 class=\"elementor-heading-title elementor-size-default\">O melhor em nuvem chegou.<\/h2>\t\t\t\t<\/div>\n\t\t<div class=\"elementor-element elementor-element-2471862 e-flex e-con-boxed e-con e-child\" data-id=\"2471862\" data-element_type=\"container\" data-e-type=\"container\">\n\t\t\t\t\t<div class=\"e-con-inner\">\n\t\t\t\t<div class=\"elementor-element elementor-element-ae9eded elementor-widget elementor-widget-button\" data-id=\"ae9eded\" data-element_type=\"widget\" data-e-type=\"widget\" data-widget_type=\"button.default\">\n\t\t\t\t\t\t\t\t\t\t<a class=\"elementor-button elementor-button-link elementor-size-sm\" href=\"https:\/\/dev.eulucloud.com\/\">\n\t\t\t\t\t\t<span class=\"elementor-button-content-wrapper\">\n\t\t\t\t\t\t<span class=\"elementor-button-icon\">\n\t\t\t\t<i aria-hidden=\"true\" class=\"lqd-icn-ess icon-ion-ios-arrow-forward\"><\/i>\t\t\t<\/span>\n\t\t\t\t\t\t\t\t\t<span class=\"elementor-button-text\">Criar uma Conta<\/span>\n\t\t\t\t\t<\/span>\n\t\t\t\t\t<\/a>\n\t\t\t\t\t\t\t\t<\/div>\n\t\t\t\t\t<\/div>\n\t\t\t\t<\/div>\n\t\t\t\t\t<\/div>\n\t\t\t\t<\/div>\n\t\t\t\t<\/div>\n\t\t\t\t<\/div>\n\t\t\t\t<section class=\"elementor-section elementor-top-section elementor-element elementor-element-16f9450 elementor-section-boxed elementor-section-height-default elementor-section-height-default\" data-id=\"16f9450\" data-element_type=\"section\" data-e-type=\"section\" data-settings=\"{&quot;background_background&quot;:&quot;classic&quot;}\">\n\t\t\t\t\t\t<div class=\"elementor-container elementor-column-gap-no\">\n\t\t\t\t\t<div class=\"elementor-column elementor-col-100 elementor-top-column elementor-element elementor-element-dc464e1\" data-id=\"dc464e1\" data-element_type=\"column\" data-e-type=\"column\">\n\t\t\t<div class=\"elementor-widget-wrap\">\n\t\t\t\t\t\t\t<\/div>\n\t\t<\/div>\n\t\t\t\t\t<\/div>\n\t\t<\/section>\n\t\t\t\t<section class=\"elementor-section elementor-top-section elementor-element elementor-element-d7071f3 elementor-section-boxed elementor-section-height-default elementor-section-height-default\" data-id=\"d7071f3\" data-element_type=\"section\" data-e-type=\"section\" data-settings=\"{&quot;background_background&quot;:&quot;classic&quot;}\">\n\t\t\t\t\t\t<div class=\"elementor-container elementor-column-gap-default\">\n\t\t\t\t\t<div class=\"elementor-column elementor-col-100 elementor-top-column elementor-element elementor-element-d8e675e\" data-id=\"d8e675e\" data-element_type=\"column\" data-e-type=\"column\">\n\t\t\t<div class=\"elementor-widget-wrap elementor-element-populated\">\n\t\t\t\t\t\t<div class=\"elementor-element elementor-element-4ffdad8 elementor-widget__width-inherit elementor-widget elementor-widget-hub_fancy_heading\" data-id=\"4ffdad8\" data-element_type=\"widget\" data-e-type=\"widget\" data-widget_type=\"hub_fancy_heading.default\">\n\t\t\t\t<div class=\"elementor-widget-container\">\n\t\t\t\t\t\n\t\t<div id=\"ld-fancy-heading-69e35992976b1\" class=\"ld-fancy-heading pos-rel\">\n\t\t\t<p class=\"ld-fh-element d-inline-block pos-rel  lqd-highlight-classic lqd-highlight-grow-left p\"  > Ainda tem alguma d\u00favida? Consulte a <a href=\"https:\/\/docs.eulucloud.com\/\" style=\"color: #2D6FE8\"><u>documenta\u00e7\u00e3o<\/u><\/a> ou <a href=\"https:\/\/dev.eulucloud.com\" style=\"color: #2D6FE8\"><u>envie um ticket.<\/u><\/a><\/p>\t\t<\/div>\n\n\t\t\t\t\t\t<\/div>\n\t\t\t\t<\/div>\n\t\t\t\t\t<\/div>\n\t\t<\/div>\n\t\t\t\t\t<\/div>\n\t\t<\/section>\n\t\t<div class=\"elementor-element elementor-element-d23cb3a e-con-full e-flex e-con e-parent\" data-id=\"d23cb3a\" data-element_type=\"container\" data-e-type=\"container\" data-settings=\"{&quot;background_background&quot;:&quot;classic&quot;}\">\n\t\t\t\t<div class=\"elementor-element elementor-element-f09f8ea elementor-widget elementor-widget-ld_hotspots\" data-id=\"f09f8ea\" data-element_type=\"widget\" data-e-type=\"widget\" data-widget_type=\"ld_hotspots.default\">\n\t\t\t\t<div class=\"elementor-widget-container\">\n\t\t\t\t\t\n\t\t\t<div class=\"lqd-hotspot pos-rel\">\n\t\t\t\t<div class=\"lqd-hotspot-inner\">\n\n\t\t\t\t\t<div class=\"lqd-hotspot-img\">\n\t\t\t\t\t\t<figure>\n\t\t\t\t\t\t\t<img fetchpriority=\"high\" decoding=\"async\" width=\"1920\" height=\"1080\" src=\"https:\/\/eulucloud.com\/wp-content\/uploads\/2025\/09\/Banner-Site-Apresentacao.png\" class=\"w-100\" alt=\"\" srcset=\"https:\/\/eulucloud.com\/wp-content\/uploads\/2025\/09\/Banner-Site-Apresentacao.png 1920w, https:\/\/eulucloud.com\/wp-content\/uploads\/2025\/09\/Banner-Site-Apresentacao-300x169.png 300w, https:\/\/eulucloud.com\/wp-content\/uploads\/2025\/09\/Banner-Site-Apresentacao-1024x576.png 1024w, https:\/\/eulucloud.com\/wp-content\/uploads\/2025\/09\/Banner-Site-Apresentacao-1536x864.png 1536w\" sizes=\"(max-width: 1920px) 100vw, 1920px\" itemprop=\"image\" \/>\t\t\t\t\t\t<\/figure>\n\t\t\t\t\t<\/div>\n\n\t\t\t\t\t<div class=\"lqd-hotspot-items lqd-overlay\">\n\t\t\t\t\t\t\n\t\t\t\t\t\t\t<div class=\"lqd-hotspot-item lqd-hotspot-x lqd-hotspot-l pos-abs elementor-repeater-item-5b366bc\" style=\"top:550px;left:550px;\">\n\t\t\t\t\t\t\t\t<span class=\"lqd-hotspot-mark d-inline-flex align-items-center justify-content-center border-radius-circle\">\n\t\t\t\t\t\t\t\t<svg class=\"pos-rel\" width=\"32\" height=\"32\" xmlns=\"http:\/\/www.w3.org\/2000\/svg\" viewBox=\"0 0 32 32\" style=\"width: 1em; height: 1em;\"><path d=\"M16.03 6a1 1 0 0 1 1 1v8.02h8.02a1 1 0 1 1 0 2.01h-8.02v8.02a1 1 0 1 1-2.01 0v-8.02h-8.02a1 1 0 1 1 0-2.01h8.02v-8.01a1 1 0 0 1 1.01-1.01z\" fill=\"currentColor\"><\/path><\/svg>\n\t\t\t\t\t\t\t\t\t\t\t\t\t\t\t\t<\/span>\n\t\t\t\t\t\t\t\t<div class=\"lqd-hotspot-content p-4 border-radius-4 pos-abs z-index-5 text-center\">\n\t\t\t\t\t\t\t\t\t<h2 class=\"h5 mt-0\">Brasil<\/h2><p class=\"mb-0\">Data Center<\/p>\t\t\t\t\t\t\t\t<\/div>\n\t\t\t\t\t\t\t<\/div>\n\n\t\t\t\t\t\t\t\t\t\t\t<\/div>\n\t\t\t\t<\/div>\n\t\t\t<\/div>\n\n\t\t\t\t\t\t<\/div>\n\t\t\t\t<\/div>\n\t\t\t\t<\/div>\n\t\t<div class=\"elementor-element elementor-element-6f0ec63 e-con-full e-flex e-con e-parent\" data-id=\"6f0ec63\" data-element_type=\"container\" data-e-type=\"container\" data-settings=\"{&quot;background_background&quot;:&quot;classic&quot;}\">\n\t\t<div class=\"elementor-element elementor-element-bd09f3c e-con-full e-flex e-con e-child\" data-id=\"bd09f3c\" data-element_type=\"container\" data-e-type=\"container\" data-settings=\"{&quot;background_background&quot;:&quot;classic&quot;}\">\n\t\t<div class=\"elementor-element elementor-element-54b4ff0 e-flex e-con-boxed e-con e-child\" data-id=\"54b4ff0\" data-element_type=\"container\" data-e-type=\"container\">\n\t\t\t\t\t<div class=\"e-con-inner\">\n\t\t\t\t<div class=\"elementor-element elementor-element-05284dd elementor-widget elementor-widget-hub_fancy_heading lqd-el-has-inner-anim\" data-id=\"05284dd\" data-element_type=\"widget\" data-e-type=\"widget\" data-settings=\"{&quot;enable_split&quot;:&quot;true&quot;,&quot;split_type&quot;:&quot;words&quot;}\" data-widget_type=\"hub_fancy_heading.default\">\n\t\t\t\t<div class=\"elementor-widget-container\">\n\t\t\t\t\t\n\t\t<div id=\"ld-fancy-heading-69e3599299ab5\" class=\"ld-fancy-heading pos-rel mask-text\">\n\t\t\t<h1 class=\"ld-fh-element d-inline-block pos-rel  elementor-heading-title lqd-highlight-classic lqd-highlight-grow-bottom lqd-highlight-reset-onhover lqd-split-words h1\"  data-split-text=\"true\" data-split-options='{\"type\":\"words\"}'> Consultoria?<\/h1>\t\t<\/div>\n\n\t\t\t\t\t\t<\/div>\n\t\t\t\t<\/div>\n\t\t\t\t<div class=\"elementor-element elementor-element-46005a5 elementor-widget__width-initial elementor-widget elementor-widget-heading\" data-id=\"46005a5\" data-element_type=\"widget\" data-e-type=\"widget\" data-widget_type=\"heading.default\">\n\t\t\t\t\t<h2 class=\"elementor-heading-title elementor-size-default\">O melhor em nuvem chegou.<\/h2>\t\t\t\t<\/div>\n\t\t<div class=\"elementor-element elementor-element-1daf231 e-flex e-con-boxed e-con e-child\" data-id=\"1daf231\" data-element_type=\"container\" data-e-type=\"container\">\n\t\t\t\t\t<div class=\"e-con-inner\">\n\t\t\t\t<div class=\"elementor-element elementor-element-a97205e elementor-widget elementor-widget-button\" data-id=\"a97205e\" data-element_type=\"widget\" data-e-type=\"widget\" data-widget_type=\"button.default\">\n\t\t\t\t\t\t\t\t\t\t<a class=\"elementor-button elementor-button-link elementor-size-sm\" href=\"#\">\n\t\t\t\t\t\t<span class=\"elementor-button-content-wrapper\">\n\t\t\t\t\t\t<span class=\"elementor-button-icon\">\n\t\t\t\t<i aria-hidden=\"true\" class=\"lqd-icn-ess icon-ion-ios-arrow-forward\"><\/i>\t\t\t<\/span>\n\t\t\t\t\t\t\t\t\t<span class=\"elementor-button-text\">Falar com Atendente<\/span>\n\t\t\t\t\t<\/span>\n\t\t\t\t\t<\/a>\n\t\t\t\t\t\t\t\t<\/div>\n\t\t\t\t\t<\/div>\n\t\t\t\t<\/div>\n\t\t\t\t\t<\/div>\n\t\t\t\t<\/div>\n\t\t\t\t<\/div>\n\t\t\t\t<\/div>\n\t\t\t\t<\/div>\n\t\t","protected":false},"excerpt":{"rendered":"<p>Registro de Dom\u00ednios O melhor em nuvem chegou. Criar uma Conta Ainda tem alguma d\u00favida? Consulte a documenta\u00e7\u00e3o ou envie um ticket. Brasil Data Center Consultoria? O melhor em nuvem chegou. Falar com Atendente<\/p>\n","protected":false},"author":1,"featured_media":0,"parent":0,"menu_order":0,"comment_status":"closed","ping_status":"closed","template":"","meta":{"footnotes":""},"class_list":["post-1054","page","type-page","status-publish","hentry"],"yoast_head":"<!-- This site is optimized with the Yoast SEO plugin v27.4 - https:\/\/yoast.com\/product\/yoast-seo-wordpress\/ -->\n<title>Dom\u00ednios - Eulu Cloud<\/title>\n<meta name=\"robots\" content=\"index, follow, max-snippet:-1, max-image-preview:large, max-video-preview:-1\" \/>\n<link rel=\"canonical\" href=\"https:\/\/eulucloud.com\/index.php\/dominios\/\" \/>\n<meta property=\"og:locale\" content=\"pt_BR\" \/>\n<meta property=\"og:type\" content=\"article\" \/>\n<meta property=\"og:title\" content=\"Dom\u00ednios - Eulu Cloud\" \/>\n<meta property=\"og:description\" content=\"Registro de Dom\u00ednios O melhor em nuvem chegou. Criar uma Conta Ainda tem alguma d\u00favida? Consulte a documenta\u00e7\u00e3o ou envie um ticket. Brasil Data Center Consultoria? O melhor em nuvem chegou. Falar com Atendente\" \/>\n<meta property=\"og:url\" content=\"https:\/\/eulucloud.com\/index.php\/dominios\/\" \/>\n<meta property=\"og:site_name\" content=\"Eulu Cloud\" \/>\n<meta property=\"article:modified_time\" content=\"2026-01-18T14:13:18+00:00\" \/>\n<meta property=\"og:image\" content=\"https:\/\/eulucloud.com\/wp-content\/uploads\/2025\/09\/Banner-Site-Apresentacao.png\" \/>\n<meta name=\"twitter:card\" content=\"summary_large_image\" \/>\n<script type=\"application\/ld+json\" class=\"yoast-schema-graph\">{\"@context\":\"https:\\\/\\\/schema.org\",\"@graph\":[{\"@type\":\"WebPage\",\"@id\":\"https:\\\/\\\/eulucloud.com\\\/index.php\\\/dominios\\\/\",\"url\":\"https:\\\/\\\/eulucloud.com\\\/index.php\\\/dominios\\\/\",\"name\":\"Dom\u00ednios - Eulu Cloud\",\"isPartOf\":{\"@id\":\"https:\\\/\\\/eulucloud.com\\\/#website\"},\"primaryImageOfPage\":{\"@id\":\"https:\\\/\\\/eulucloud.com\\\/index.php\\\/dominios\\\/#primaryimage\"},\"image\":{\"@id\":\"https:\\\/\\\/eulucloud.com\\\/index.php\\\/dominios\\\/#primaryimage\"},\"thumbnailUrl\":\"https:\\\/\\\/eulucloud.com\\\/wp-content\\\/uploads\\\/2025\\\/09\\\/Banner-Site-Apresentacao.png\",\"datePublished\":\"2025-09-25T19:15:47+00:00\",\"dateModified\":\"2026-01-18T14:13:18+00:00\",\"breadcrumb\":{\"@id\":\"https:\\\/\\\/eulucloud.com\\\/index.php\\\/dominios\\\/#breadcrumb\"},\"inLanguage\":\"pt-BR\",\"potentialAction\":[{\"@type\":\"ReadAction\",\"target\":[\"https:\\\/\\\/eulucloud.com\\\/index.php\\\/dominios\\\/\"]}]},{\"@type\":\"ImageObject\",\"inLanguage\":\"pt-BR\",\"@id\":\"https:\\\/\\\/eulucloud.com\\\/index.php\\\/dominios\\\/#primaryimage\",\"url\":\"https:\\\/\\\/eulucloud.com\\\/wp-content\\\/uploads\\\/2025\\\/09\\\/Banner-Site-Apresentacao.png\",\"contentUrl\":\"https:\\\/\\\/eulucloud.com\\\/wp-content\\\/uploads\\\/2025\\\/09\\\/Banner-Site-Apresentacao.png\",\"width\":1920,\"height\":1080},{\"@type\":\"BreadcrumbList\",\"@id\":\"https:\\\/\\\/eulucloud.com\\\/index.php\\\/dominios\\\/#breadcrumb\",\"itemListElement\":[{\"@type\":\"ListItem\",\"position\":1,\"name\":\"In\u00edcio\",\"item\":\"https:\\\/\\\/eulucloud.com\\\/\"},{\"@type\":\"ListItem\",\"position\":2,\"name\":\"Dom\u00ednios\"}]},{\"@type\":\"WebSite\",\"@id\":\"https:\\\/\\\/eulucloud.com\\\/#website\",\"url\":\"https:\\\/\\\/eulucloud.com\\\/\",\"name\":\"Eulu Cloud\",\"description\":\"(Brasil)\",\"publisher\":{\"@id\":\"https:\\\/\\\/eulucloud.com\\\/#organization\"},\"potentialAction\":[{\"@type\":\"SearchAction\",\"target\":{\"@type\":\"EntryPoint\",\"urlTemplate\":\"https:\\\/\\\/eulucloud.com\\\/?s={search_term_string}\"},\"query-input\":{\"@type\":\"PropertyValueSpecification\",\"valueRequired\":true,\"valueName\":\"search_term_string\"}}],\"inLanguage\":\"pt-BR\"},{\"@type\":\"Organization\",\"@id\":\"https:\\\/\\\/eulucloud.com\\\/#organization\",\"name\":\"Eulu Cloud\",\"url\":\"https:\\\/\\\/eulucloud.com\\\/\",\"logo\":{\"@type\":\"ImageObject\",\"inLanguage\":\"pt-BR\",\"@id\":\"https:\\\/\\\/eulucloud.com\\\/#\\\/schema\\\/logo\\\/image\\\/\",\"url\":\"https:\\\/\\\/eulucloud.com\\\/wp-content\\\/uploads\\\/2022\\\/07\\\/Eulu-Cloud-Feed-1.png\",\"contentUrl\":\"https:\\\/\\\/eulucloud.com\\\/wp-content\\\/uploads\\\/2022\\\/07\\\/Eulu-Cloud-Feed-1.png\",\"width\":1080,\"height\":1080,\"caption\":\"Eulu Cloud\"},\"image\":{\"@id\":\"https:\\\/\\\/eulucloud.com\\\/#\\\/schema\\\/logo\\\/image\\\/\"},\"sameAs\":[\"https:\\\/\\\/instagram.com\\\/eulucloud\"]}]}<\/script>\n<!-- \/ Yoast SEO plugin. -->","yoast_head_json":{"title":"Dom\u00ednios - Eulu Cloud","robots":{"index":"index","follow":"follow","max-snippet":"max-snippet:-1","max-image-preview":"max-image-preview:large","max-video-preview":"max-video-preview:-1"},"canonical":"https:\/\/eulucloud.com\/index.php\/dominios\/","og_locale":"pt_BR","og_type":"article","og_title":"Dom\u00ednios - Eulu Cloud","og_description":"Registro de Dom\u00ednios O melhor em nuvem chegou. Criar uma Conta Ainda tem alguma d\u00favida? Consulte a documenta\u00e7\u00e3o ou envie um ticket. Brasil Data Center Consultoria? O melhor em nuvem chegou. Falar com Atendente","og_url":"https:\/\/eulucloud.com\/index.php\/dominios\/","og_site_name":"Eulu Cloud","article_modified_time":"2026-01-18T14:13:18+00:00","og_image":[{"url":"https:\/\/eulucloud.com\/wp-content\/uploads\/2025\/09\/Banner-Site-Apresentacao.png","type":"","width":"","height":""}],"twitter_card":"summary_large_image","schema":{"@context":"https:\/\/schema.org","@graph":[{"@type":"WebPage","@id":"https:\/\/eulucloud.com\/index.php\/dominios\/","url":"https:\/\/eulucloud.com\/index.php\/dominios\/","name":"Dom\u00ednios - Eulu Cloud","isPartOf":{"@id":"https:\/\/eulucloud.com\/#website"},"primaryImageOfPage":{"@id":"https:\/\/eulucloud.com\/index.php\/dominios\/#primaryimage"},"image":{"@id":"https:\/\/eulucloud.com\/index.php\/dominios\/#primaryimage"},"thumbnailUrl":"https:\/\/eulucloud.com\/wp-content\/uploads\/2025\/09\/Banner-Site-Apresentacao.png","datePublished":"2025-09-25T19:15:47+00:00","dateModified":"2026-01-18T14:13:18+00:00","breadcrumb":{"@id":"https:\/\/eulucloud.com\/index.php\/dominios\/#breadcrumb"},"inLanguage":"pt-BR","potentialAction":[{"@type":"ReadAction","target":["https:\/\/eulucloud.com\/index.php\/dominios\/"]}]},{"@type":"ImageObject","inLanguage":"pt-BR","@id":"https:\/\/eulucloud.com\/index.php\/dominios\/#primaryimage","url":"https:\/\/eulucloud.com\/wp-content\/uploads\/2025\/09\/Banner-Site-Apresentacao.png","contentUrl":"https:\/\/eulucloud.com\/wp-content\/uploads\/2025\/09\/Banner-Site-Apresentacao.png","width":1920,"height":1080},{"@type":"BreadcrumbList","@id":"https:\/\/eulucloud.com\/index.php\/dominios\/#breadcrumb","itemListElement":[{"@type":"ListItem","position":1,"name":"In\u00edcio","item":"https:\/\/eulucloud.com\/"},{"@type":"ListItem","position":2,"name":"Dom\u00ednios"}]},{"@type":"WebSite","@id":"https:\/\/eulucloud.com\/#website","url":"https:\/\/eulucloud.com\/","name":"Eulu Cloud","description":"(Brasil)","publisher":{"@id":"https:\/\/eulucloud.com\/#organization"},"potentialAction":[{"@type":"SearchAction","target":{"@type":"EntryPoint","urlTemplate":"https:\/\/eulucloud.com\/?s={search_term_string}"},"query-input":{"@type":"PropertyValueSpecification","valueRequired":true,"valueName":"search_term_string"}}],"inLanguage":"pt-BR"},{"@type":"Organization","@id":"https:\/\/eulucloud.com\/#organization","name":"Eulu Cloud","url":"https:\/\/eulucloud.com\/","logo":{"@type":"ImageObject","inLanguage":"pt-BR","@id":"https:\/\/eulucloud.com\/#\/schema\/logo\/image\/","url":"https:\/\/eulucloud.com\/wp-content\/uploads\/2022\/07\/Eulu-Cloud-Feed-1.png","contentUrl":"https:\/\/eulucloud.com\/wp-content\/uploads\/2022\/07\/Eulu-Cloud-Feed-1.png","width":1080,"height":1080,"caption":"Eulu Cloud"},"image":{"@id":"https:\/\/eulucloud.com\/#\/schema\/logo\/image\/"},"sameAs":["https:\/\/instagram.com\/eulucloud"]}]}},"_links":{"self":[{"href":"https:\/\/eulucloud.com\/index.php\/wp-json\/wp\/v2\/pages\/1054","targetHints":{"allow":["GET"]}}],"collection":[{"href":"https:\/\/eulucloud.com\/index.php\/wp-json\/wp\/v2\/pages"}],"about":[{"href":"https:\/\/eulucloud.com\/index.php\/wp-json\/wp\/v2\/types\/page"}],"author":[{"embeddable":true,"href":"https:\/\/eulucloud.com\/index.php\/wp-json\/wp\/v2\/users\/1"}],"replies":[{"embeddable":true,"href":"https:\/\/eulucloud.com\/index.php\/wp-json\/wp\/v2\/comments?post=1054"}],"version-history":[{"count":10,"href":"https:\/\/eulucloud.com\/index.php\/wp-json\/wp\/v2\/pages\/1054\/revisions"}],"predecessor-version":[{"id":1152,"href":"https:\/\/eulucloud.com\/index.php\/wp-json\/wp\/v2\/pages\/1054\/revisions\/1152"}],"wp:attachment":[{"href":"https:\/\/eulucloud.com\/index.php\/wp-json\/wp\/v2\/media?parent=1054"}],"curies":[{"name":"wp","href":"https:\/\/api.w.org\/{rel}","templated":true}]}}